{"id":11,"date":"2024-09-29T18:09:44","date_gmt":"2024-09-29T16:09:44","guid":{"rendered":"http:\/\/nuances-peinture.fr\/?page_id=11"},"modified":"2024-10-20T19:24:19","modified_gmt":"2024-10-20T17:24:19","slug":"prestations","status":"publish","type":"page","link":"https:\/\/nuances-peinture.fr\/index.php\/prestations\/","title":{"rendered":"Prestations"},"content":{"rendered":"\n<h2 class=\"wp-block-heading\">Peinture int\u00e9rieure<\/h2>\n\n\n\n<p>Peinture int\u00e9rieure : je r\u00e9alise des travaux de <a href=\"https:\/\/nuances-peinture.fr\/index.php\/peinture-interieure\/\" data-type=\"page\" data-id=\"26\">peinture<\/a> soign\u00e9s et adapt\u00e9s \u00e0 <strong>vos go\u00fbts<\/strong> et \u00e0 l&#8217;architecture de vos espaces, des murs aux plafonds pour un <strong>r\u00e9sultat impeccable et durable<\/strong>.<\/p>\n\n\n\n<figure class=\"wp-block-gallery has-nested-images columns-default is-cropped wp-block-gallery-1 is-layout-flex wp-block-gallery-is-layout-flex\">\n<figure class=\"wp-block-image size-large\"><img loading=\"lazy\" decoding=\"async\" width=\"1024\" height=\"576\" data-id=\"77\" src=\"https:\/\/nuances-peinture.fr\/wp-content\/uploads\/2024\/10\/pexels-pixabay-271816-1024x576.jpg\" alt=\"\" class=\"wp-image-77\" srcset=\"https:\/\/nuances-peinture.fr\/wp-content\/uploads\/2024\/10\/pexels-pixabay-271816-1024x576.jpg 1024w, https:\/\/nuances-peinture.fr\/wp-content\/uploads\/2024\/10\/pexels-pixabay-271816-300x169.jpg 300w, https:\/\/nuances-peinture.fr\/wp-content\/uploads\/2024\/10\/pexels-pixabay-271816-768x432.jpg 768w, https:\/\/nuances-peinture.fr\/wp-content\/uploads\/2024\/10\/pexels-pixabay-271816-1536x864.jpg 1536w, https:\/\/nuances-peinture.fr\/wp-content\/uploads\/2024\/10\/pexels-pixabay-271816.jpg 1920w\" sizes=\"auto, (max-width: 1024px) 100vw, 1024px\" \/><\/figure>\n<\/figure>\n\n\n\n<h2 class=\"wp-block-heading\">Peinture ext\u00e9rieure<\/h2>\n\n\n\n<p>Je prends \u00e9galement en charge les travaux de <a href=\"https:\/\/nuances-peinture.fr\/index.php\/peinture-exterieure\/\" data-type=\"page\" data-id=\"29\">peinture ext\u00e9rieure<\/a>, notamment la peinture de volets, <strong>cl\u00f4tures <\/strong>et <strong>portails<\/strong>, afin d\u2019embellir et prot\u00e9ger les \u00e9l\u00e9ments ext\u00e9rieurs de votre maison avec des finitions <strong>durables <\/strong>et <strong>esth\u00e9tiques<\/strong>.<\/p>\n\n\n<div class=\"wp-block-image\">\n<figure class=\"aligncenter size-large is-resized\"><img loading=\"lazy\" decoding=\"async\" width=\"1024\" height=\"683\" src=\"http:\/\/nuances-peinture.fr\/wp-content\/uploads\/2024\/10\/pexels-maltelu-1669754-1-1024x683.jpg\" alt=\"\" class=\"wp-image-70\" style=\"width:430px;height:auto\" srcset=\"https:\/\/nuances-peinture.fr\/wp-content\/uploads\/2024\/10\/pexels-maltelu-1669754-1-1024x683.jpg 1024w, https:\/\/nuances-peinture.fr\/wp-content\/uploads\/2024\/10\/pexels-maltelu-1669754-1-300x200.jpg 300w, https:\/\/nuances-peinture.fr\/wp-content\/uploads\/2024\/10\/pexels-maltelu-1669754-1-768x512.jpg 768w, https:\/\/nuances-peinture.fr\/wp-content\/uploads\/2024\/10\/pexels-maltelu-1669754-1-1536x1024.jpg 1536w, https:\/\/nuances-peinture.fr\/wp-content\/uploads\/2024\/10\/pexels-maltelu-1669754-1-2048x1365.jpg 2048w\" sizes=\"auto, (max-width: 1024px) 100vw, 1024px\" \/><\/figure>\n<\/div>\n\n\n<h2 class=\"wp-block-heading\">Papier peint d\u00e9coratif et structure \u00e0 peindre<\/h2>\n\n\n\n<p>Qu&#8217;il s&#8217;agisse d&#8217;une pose traditionnelle de papier peint d\u00e9coratif ou de structure \u00e0 peindre comme la toile de verre, je m&#8217;assure de la <strong>qualit\u00e9 du rendu<\/strong> et de l&#8217;harmonie avec le reste de votre d\u00e9coration.<\/p>\n\n\n\n<h2 class=\"wp-block-heading\">Enduits<\/h2>\n\n\n\n<p>Pour apporter du relief et des textures originales \u00e0 vos murs, je r\u00e9alise diverses techniques d&#8217;<a href=\"https:\/\/nuances-peinture.fr\/index.php\/enduits\/\" data-type=\"page\" data-id=\"33\">enduits d\u00e9coratifs<\/a> qui donnent une touche authentique et unique \u00e0 vos espaces.<\/p>\n\n\n\n<h2 class=\"wp-block-heading\">Fresques murales<\/h2>\n\n\n\n<p>Je mets \u00e0 votre service <strong>ma cr\u00e9ativit\u00e9<\/strong> pour cr\u00e9er des <a href=\"https:\/\/nuances-peinture.fr\/index.php\/fresques-murales\/\" data-type=\"page\" data-id=\"55\">fresques murales<\/a> personnalis\u00e9es qui donneront vie \u00e0 vos murs et feront de votre int\u00e9rieur un espace unique.<\/p>\n\n\n\n<h2 class=\"wp-block-heading\"><strong>Accompagnement personnalis\u00e9<\/strong><\/h2>\n\n\n\n<p>Au-del\u00e0 de mes comp\u00e9tences techniques, je vous accompagne \u00e9galement tout au long de <strong>votre projet<\/strong> de d\u00e9coration. Gr\u00e2ce \u00e0 mon sens de <strong>l&#8217;esth\u00e9tique<\/strong> et de <strong>l&#8217;harmonie des couleurs<\/strong>, je vous conseille dans le choix des teintes, des effets et des finitions qui refl\u00e9teront au mieux vos go\u00fbts et l\u2019ambiance que vous souhaitez cr\u00e9er dans votre int\u00e9rieur.<\/p>\n\n\n\n<p>Chaque projet est pour moi une nouvelle occasion de r\u00e9inventer les espaces de vie<strong> avec soin<\/strong>, <strong>cr\u00e9ativit\u00e9 <\/strong>et <strong>professionnalisme<\/strong>.<\/p>\n","protected":false},"excerpt":{"rendered":"<p>Peinture int\u00e9rieure Peinture int\u00e9rieure : je r\u00e9alise des travaux de peinture soign\u00e9s et adapt\u00e9s \u00e0 vos go\u00fbts et \u00e0 l&#8217;architecture de vos espaces, des murs aux plafonds pour un r\u00e9sultat impeccable et durable. Peinture ext\u00e9rieure Je prends \u00e9galement en charge les travaux de peinture ext\u00e9rieure, notamment la peinture de volets, cl\u00f4tures et portails, afin d\u2019embellir&#8230;<\/p>\n","protected":false},"author":1,"featured_media":77,"parent":0,"menu_order":0,"comment_status":"closed","ping_status":"closed","template":"","meta":{"footnotes":""},"class_list":["post-11","page","type-page","status-publish","has-post-thumbnail","hentry"],"_links":{"self":[{"href":"https:\/\/nuances-peinture.fr\/index.php\/wp-json\/wp\/v2\/pages\/11","targetHints":{"allow":["GET"]}}],"collection":[{"href":"https:\/\/nuances-peinture.fr\/index.php\/wp-json\/wp\/v2\/pages"}],"about":[{"href":"https:\/\/nuances-peinture.fr\/index.php\/wp-json\/wp\/v2\/types\/page"}],"author":[{"embeddable":true,"href":"https:\/\/nuances-peinture.fr\/index.php\/wp-json\/wp\/v2\/users\/1"}],"replies":[{"embeddable":true,"href":"https:\/\/nuances-peinture.fr\/index.php\/wp-json\/wp\/v2\/comments?post=11"}],"version-history":[{"count":4,"href":"https:\/\/nuances-peinture.fr\/index.php\/wp-json\/wp\/v2\/pages\/11\/revisions"}],"predecessor-version":[{"id":185,"href":"https:\/\/nuances-peinture.fr\/index.php\/wp-json\/wp\/v2\/pages\/11\/revisions\/185"}],"wp:featuredmedia":[{"embeddable":true,"href":"https:\/\/nuances-peinture.fr\/index.php\/wp-json\/wp\/v2\/media\/77"}],"wp:attachment":[{"href":"https:\/\/nuances-peinture.fr\/index.php\/wp-json\/wp\/v2\/media?parent=11"}],"curies":[{"name":"wp","href":"https:\/\/api.w.org\/{rel}","templated":true}]}}