{"id":161,"date":"2024-10-20T18:28:41","date_gmt":"2024-10-20T16:28:41","guid":{"rendered":"https:\/\/nuances-peinture.fr\/?page_id=161"},"modified":"2024-10-20T18:28:41","modified_gmt":"2024-10-20T16:28:41","slug":"secteurs-dintervention","status":"publish","type":"page","link":"https:\/\/nuances-peinture.fr\/index.php\/secteurs-dintervention\/","title":{"rendered":"Secteurs d&#8217;intervention"},"content":{"rendered":"\n<h2 class=\"wp-block-heading\">Interventions<\/h2>\n\n\n\n<p>Je suis sp\u00e9cialis\u00e9 dans la r\u00e9alisation de travaux de peinture int\u00e9rieure et ext\u00e9rieure, papiers peints, enduits et fresques y compris r\u00e9novation, principalement dans les <strong>Bouches-du-Rh\u00f4ne<\/strong>. Bas\u00e9(e) \u00e0 Auriol, j&#8217;interviens dans toute la r\u00e9gion, y compris dans les villes voisines du Var. Que ce soit pour une nouvelle construction, une r\u00e9novation compl\u00e8te, ou des travaux de rafra\u00eechissement, je suis \u00e0 votre service pour des prestations de qualit\u00e9 sup\u00e9rieure.<\/p>\n\n\n\n<h2 class=\"wp-block-heading\">D\u00e9placements et Devis<\/h2>\n\n\n\n<p>Je me d\u00e9place pour vous fournir toutes les informations n\u00e9cessaires, ainsi que des devis personnalis\u00e9s adapt\u00e9s \u00e0 vos besoins sp\u00e9cifiques. Que vous soyez \u00e0  Aubagne, Marseille ou d&#8217;autres villes dans les Bouches-du-Rh\u00f4ne, ou dans le Var, je mets un point d&#8217;honneur \u00e0 vous offrir un service r\u00e9actif et professionnel. Chaque projet est unique et m\u00e9rite une attention particuli\u00e8re pour assurer une satisfaction optimale.<\/p>\n\n\n\n<p>Contactez-moi d\u00e8s maintenant pour discuter de vos projets et obtenir un devis gratuit. Je serai ravis de vous accompagner dans la r\u00e9alisation de vos travaux de peinture, avec expertise et passion.<\/p>\n","protected":false},"excerpt":{"rendered":"<p>Interventions Je suis sp\u00e9cialis\u00e9 dans la r\u00e9alisation de travaux de peinture int\u00e9rieure et ext\u00e9rieure, papiers peints, enduits et fresques y compris r\u00e9novation, principalement dans les Bouches-du-Rh\u00f4ne. Bas\u00e9(e) \u00e0 Auriol, j&#8217;interviens dans toute la r\u00e9gion, y compris dans les villes voisines du Var. Que ce soit pour une nouvelle construction, une r\u00e9novation compl\u00e8te, ou des travaux&#8230;<\/p>\n","protected":false},"author":1,"featured_media":0,"parent":0,"menu_order":0,"comment_status":"closed","ping_status":"closed","template":"","meta":{"footnotes":""},"class_list":["post-161","page","type-page","status-publish","hentry"],"_links":{"self":[{"href":"https:\/\/nuances-peinture.fr\/index.php\/wp-json\/wp\/v2\/pages\/161","targetHints":{"allow":["GET"]}}],"collection":[{"href":"https:\/\/nuances-peinture.fr\/index.php\/wp-json\/wp\/v2\/pages"}],"about":[{"href":"https:\/\/nuances-peinture.fr\/index.php\/wp-json\/wp\/v2\/types\/page"}],"author":[{"embeddable":true,"href":"https:\/\/nuances-peinture.fr\/index.php\/wp-json\/wp\/v2\/users\/1"}],"replies":[{"embeddable":true,"href":"https:\/\/nuances-peinture.fr\/index.php\/wp-json\/wp\/v2\/comments?post=161"}],"version-history":[{"count":1,"href":"https:\/\/nuances-peinture.fr\/index.php\/wp-json\/wp\/v2\/pages\/161\/revisions"}],"predecessor-version":[{"id":162,"href":"https:\/\/nuances-peinture.fr\/index.php\/wp-json\/wp\/v2\/pages\/161\/revisions\/162"}],"wp:attachment":[{"href":"https:\/\/nuances-peinture.fr\/index.php\/wp-json\/wp\/v2\/media?parent=161"}],"curies":[{"name":"wp","href":"https:\/\/api.w.org\/{rel}","templated":true}]}}