{"id":163,"date":"2024-10-20T18:36:34","date_gmt":"2024-10-20T16:36:34","guid":{"rendered":"https:\/\/nuances-peinture.fr\/?page_id=163"},"modified":"2024-10-20T18:36:34","modified_gmt":"2024-10-20T16:36:34","slug":"artisan-peintre-travaux-peintures-bouches-du-rhone","status":"publish","type":"page","link":"https:\/\/nuances-peinture.fr\/index.php\/artisan-peintre-travaux-peintures-bouches-du-rhone\/","title":{"rendered":"Artisan\u00a0peintre travaux peintures Bouches du Rh\u00f4ne"},"content":{"rendered":"\n<p><strong>Nuances peinture<\/strong> est votre entreprise de sp\u00e9cialis\u00e9e pour tous les travaux de r\u00e9novation ou neufs. Que vous ayez besoin de repeindre des volets, de rafra\u00eechir vos peintures ou papiers peints, d&#8217;installer un, je peux vous proposer une solution adapt\u00e9e \u00e0 vos besoins.<\/p>\n\n\n\n<p>J&#8217;interviens pour des prestations vari\u00e9es, que ce soit pour la r\u00e9novation de chambres, de salons, ou tout autre espace de votre domicile, afin de transformer votre maison en un v\u00e9ritable cocon de confort.<\/p>\n\n\n\n<p>Je peux me d\u00e9placer dans les Bouches du Rh\u00f4ne comme par exemple :<\/p>\n\n\n\n<ul class=\"wp-block-list\">\n<li>Auriol<\/li>\n\n\n\n<li>La Destrousse<\/li>\n\n\n\n<li>Saint Zacharie<\/li>\n\n\n\n<li>Belcod\u00e8ne<\/li>\n\n\n\n<li>Aubagne<\/li>\n\n\n\n<li>Roquevaire<\/li>\n\n\n\n<li>Gr\u00e9asque<\/li>\n\n\n\n<li>Saint Savournin<\/li>\n\n\n\n<li>Marseille<\/li>\n\n\n\n<li>Aix en Provence<\/li>\n<\/ul>\n","protected":false},"excerpt":{"rendered":"<p>Nuances peinture est votre entreprise de sp\u00e9cialis\u00e9e pour tous les travaux de r\u00e9novation ou neufs. Que vous ayez besoin de repeindre des volets, de rafra\u00eechir vos peintures ou papiers peints, d&#8217;installer un, je peux vous proposer une solution adapt\u00e9e \u00e0 vos besoins. J&#8217;interviens pour des prestations vari\u00e9es, que ce soit pour la r\u00e9novation de chambres,&#8230;<\/p>\n","protected":false},"author":1,"featured_media":0,"parent":0,"menu_order":0,"comment_status":"closed","ping_status":"closed","template":"","meta":{"footnotes":""},"class_list":["post-163","page","type-page","status-publish","hentry"],"_links":{"self":[{"href":"https:\/\/nuances-peinture.fr\/index.php\/wp-json\/wp\/v2\/pages\/163","targetHints":{"allow":["GET"]}}],"collection":[{"href":"https:\/\/nuances-peinture.fr\/index.php\/wp-json\/wp\/v2\/pages"}],"about":[{"href":"https:\/\/nuances-peinture.fr\/index.php\/wp-json\/wp\/v2\/types\/page"}],"author":[{"embeddable":true,"href":"https:\/\/nuances-peinture.fr\/index.php\/wp-json\/wp\/v2\/users\/1"}],"replies":[{"embeddable":true,"href":"https:\/\/nuances-peinture.fr\/index.php\/wp-json\/wp\/v2\/comments?post=163"}],"version-history":[{"count":1,"href":"https:\/\/nuances-peinture.fr\/index.php\/wp-json\/wp\/v2\/pages\/163\/revisions"}],"predecessor-version":[{"id":164,"href":"https:\/\/nuances-peinture.fr\/index.php\/wp-json\/wp\/v2\/pages\/163\/revisions\/164"}],"wp:attachment":[{"href":"https:\/\/nuances-peinture.fr\/index.php\/wp-json\/wp\/v2\/media?parent=163"}],"curies":[{"name":"wp","href":"https:\/\/api.w.org\/{rel}","templated":true}]}}