{"id":165,"date":"2024-10-20T18:48:12","date_gmt":"2024-10-20T16:48:12","guid":{"rendered":"https:\/\/nuances-peinture.fr\/?page_id=165"},"modified":"2024-10-20T18:48:12","modified_gmt":"2024-10-20T16:48:12","slug":"artisan-peintre-peintures-papiers-peints-var","status":"publish","type":"page","link":"https:\/\/nuances-peinture.fr\/index.php\/artisan-peintre-peintures-papiers-peints-var\/","title":{"rendered":"Artisan\u00a0peintre peintures papiers peints Var"},"content":{"rendered":"\n<p>Je suis une artisan peintre passionn\u00e9e qui vous offre de solides garanties sur chacune de mes <a href=\"https:\/\/nuances-peinture.fr\/index.php\/realisations\/\" data-type=\"page\" data-id=\"13\">r\u00e9alisations<\/a>. Avec une vaste exp\u00e9rience dans le domaine de la peinture, je suis parfaitement \u00e9quip\u00e9e pour r\u00e9pondre \u00e0 des demandes sp\u00e9cifiques. Ma conscience professionnelle me permet de livrer des travaux de qualit\u00e9 qui sauront sublimer l&#8217;ambiance de votre domicile (<a href=\"https:\/\/nuances-peinture.fr\/index.php\/peinture-interieure\/\" data-type=\"page\" data-id=\"26\">peintures<\/a>, <a href=\"https:\/\/nuances-peinture.fr\/index.php\/fresques-murales\/\" data-type=\"page\" data-id=\"55\">fresques<\/a>, <a href=\"https:\/\/nuances-peinture.fr\/index.php\/papier-peint-decoratif-et-structure-a-peindre\/\" data-type=\"page\" data-id=\"31\">papiers peints&#8230;<\/a>).<\/p>\n\n\n\n<h2 class=\"wp-block-heading\">Engagements et Qualit\u00e9 des Travaux<\/h2>\n\n\n\n<p>Mon engagement se manifeste dans chaque aspect de ses r\u00e9alisations, je vous conseille et vous assiste avec soin. Assurer la qualit\u00e9 des travaux livr\u00e9s ma priorit\u00e9 absolue, veille \u00e0 respecter minutieusement vos exigences pour des r\u00e9sultats parfaits. N&#8217;h\u00e9sitez-pas \u00e0 faire appel \u00e0 moi pour des services de peinture, papiers peints ou toute autre <a href=\"https:\/\/nuances-peinture.fr\/index.php\/prestations\/\" data-type=\"page\" data-id=\"11\">prestation<\/a> dans ces villes, et plus g\u00e9n\u00e9ralement, dans le Var et les <a href=\"https:\/\/nuances-peinture.fr\/index.php\/artisan-peintre-travaux-peintures-bouches-du-rhone\/\" data-type=\"page\" data-id=\"163\">Bouches du Rh\u00f4ne<\/a>.<\/p>\n\n\n\n<ul class=\"wp-block-list\">\n<li>Saint Maximin la sainte Baume<\/li>\n\n\n\n<li>Olli\u00e8res<\/li>\n\n\n\n<li>Pourri\u00e8res<\/li>\n\n\n\n<li>Saint Zacharie<\/li>\n\n\n\n<li>Brignoles<\/li>\n\n\n\n<li>Cuers<\/li>\n\n\n\n<li>Tourves<\/li>\n\n\n\n<li>Le Val<\/li>\n\n\n\n<li>Barjols<\/li>\n\n\n\n<li>Et bien d&#8217;autres villes !<\/li>\n<\/ul>\n","protected":false},"excerpt":{"rendered":"<p>Je suis une artisan peintre passionn\u00e9e qui vous offre de solides garanties sur chacune de mes r\u00e9alisations. Avec une vaste exp\u00e9rience dans le domaine de la peinture, je suis parfaitement \u00e9quip\u00e9e pour r\u00e9pondre \u00e0 des demandes sp\u00e9cifiques. Ma conscience professionnelle me permet de livrer des travaux de qualit\u00e9 qui sauront sublimer l&#8217;ambiance de votre domicile&#8230;<\/p>\n","protected":false},"author":1,"featured_media":0,"parent":0,"menu_order":0,"comment_status":"closed","ping_status":"closed","template":"","meta":{"footnotes":""},"class_list":["post-165","page","type-page","status-publish","hentry"],"_links":{"self":[{"href":"https:\/\/nuances-peinture.fr\/index.php\/wp-json\/wp\/v2\/pages\/165","targetHints":{"allow":["GET"]}}],"collection":[{"href":"https:\/\/nuances-peinture.fr\/index.php\/wp-json\/wp\/v2\/pages"}],"about":[{"href":"https:\/\/nuances-peinture.fr\/index.php\/wp-json\/wp\/v2\/types\/page"}],"author":[{"embeddable":true,"href":"https:\/\/nuances-peinture.fr\/index.php\/wp-json\/wp\/v2\/users\/1"}],"replies":[{"embeddable":true,"href":"https:\/\/nuances-peinture.fr\/index.php\/wp-json\/wp\/v2\/comments?post=165"}],"version-history":[{"count":1,"href":"https:\/\/nuances-peinture.fr\/index.php\/wp-json\/wp\/v2\/pages\/165\/revisions"}],"predecessor-version":[{"id":166,"href":"https:\/\/nuances-peinture.fr\/index.php\/wp-json\/wp\/v2\/pages\/165\/revisions\/166"}],"wp:attachment":[{"href":"https:\/\/nuances-peinture.fr\/index.php\/wp-json\/wp\/v2\/media?parent=165"}],"curies":[{"name":"wp","href":"https:\/\/api.w.org\/{rel}","templated":true}]}}