{"id":26,"date":"2024-09-29T18:19:15","date_gmt":"2024-09-29T16:19:15","guid":{"rendered":"http:\/\/nuances-peinture.fr\/?page_id=26"},"modified":"2024-10-20T19:19:37","modified_gmt":"2024-10-20T17:19:37","slug":"peinture-interieure","status":"publish","type":"page","link":"https:\/\/nuances-peinture.fr\/index.php\/peinture-interieure\/","title":{"rendered":"Peinture int\u00e9rieure"},"content":{"rendered":"\n<p class=\"has-text-align-left\">Transformez votre int\u00e9rieur avec un travail de peinture <strong>soign\u00e9 et personnalis\u00e9<\/strong>.<\/p>\n\n\n\n<p>En tant qu&#8217;artisan peintre exp\u00e9riment\u00e9e, je vous propose des prestations de <a href=\"https:\/\/nuances-peinture.fr\/index.php\/peinture-interieure\/\" data-type=\"page\" data-id=\"26\">peinture int\u00e9rieure <\/a>adapt\u00e9es \u00e0 vos <strong>envies et \u00e0 vos besoins<\/strong>.<\/p>\n\n\n\n<p>Rafra\u00eechir une pi\u00e8ce ou redonner vie \u00e0 l\u2019ensemble de votre habitat gr\u00e2ce \u00e0 la peinture ?<\/p>\n\n\n\n<p>Je m\u2019engage \u00e0 vous offrir un rendu de <strong>qualit\u00e9<\/strong>, alliant <strong>esth\u00e9tisme <\/strong>et <strong>durabilit\u00e9<\/strong>.<\/p>\n\n\n\n<p>Je travaille avec des peintures \u00e9cologiques, r\u00e9sistantes et de haute qualit\u00e9, en prenant soin de prot\u00e9ger vos sols, meubles et surfaces.<\/p>\n\n\n<div class=\"wp-block-image\">\n<figure class=\"aligncenter size-large is-resized\"><img loading=\"lazy\" decoding=\"async\" width=\"1024\" height=\"683\" src=\"http:\/\/nuances-peinture.fr\/wp-content\/uploads\/2024\/10\/pexels-maltelu-1669754-1-1024x683.jpg\" alt=\"\" class=\"wp-image-70\" style=\"width:403px;height:auto\" srcset=\"https:\/\/nuances-peinture.fr\/wp-content\/uploads\/2024\/10\/pexels-maltelu-1669754-1-1024x683.jpg 1024w, https:\/\/nuances-peinture.fr\/wp-content\/uploads\/2024\/10\/pexels-maltelu-1669754-1-300x200.jpg 300w, https:\/\/nuances-peinture.fr\/wp-content\/uploads\/2024\/10\/pexels-maltelu-1669754-1-768x512.jpg 768w, https:\/\/nuances-peinture.fr\/wp-content\/uploads\/2024\/10\/pexels-maltelu-1669754-1-1536x1024.jpg 1536w, https:\/\/nuances-peinture.fr\/wp-content\/uploads\/2024\/10\/pexels-maltelu-1669754-1-2048x1365.jpg 2048w\" sizes=\"auto, (max-width: 1024px) 100vw, 1024px\" \/><\/figure>\n<\/div>\n\n\n<p>Du choix des couleurs \u00e0 la finition, je vous accompagne \u00e0 chaque \u00e9tape pour cr\u00e9er un int\u00e9rieur harmonieux <strong>qui vous ressemble<\/strong>.<\/p>\n\n\n\n<p>Qu\u2019il s\u2019agisse de pi\u00e8ces de vie, de chambres, de cuisines ou de salles de bain, je ma\u00eetrise diff\u00e9rentes techniques pour un rendu impeccable : finitions <strong>mates<\/strong>, <strong>satin\u00e9es <\/strong>ou <strong>brillantes<\/strong>, <strong>effets d\u00e9coratifs<\/strong>, <strong>enduits <\/strong>et plus encore.<\/p>\n\n\n\n<p>Chaque projet est unique, et mon objectif est de r\u00e9aliser une prestation sur mesure, correspondant parfaitement \u00e0 vos attentes.<\/p>\n\n\n\n<p>B\u00e9n\u00e9ficiez ainsi d\u2019un service professionnel, rigoureux et \u00e0 l\u2019\u00e9coute de vos besoins.<\/p>\n\n\n\n<p><\/p>\n","protected":false},"excerpt":{"rendered":"<p>Transformez votre int\u00e9rieur avec un travail de peinture soign\u00e9 et personnalis\u00e9. En tant qu&#8217;artisan peintre exp\u00e9riment\u00e9e, je vous propose des prestations de peinture int\u00e9rieure adapt\u00e9es \u00e0 vos envies et \u00e0 vos besoins. Rafra\u00eechir une pi\u00e8ce ou redonner vie \u00e0 l\u2019ensemble de votre habitat gr\u00e2ce \u00e0 la peinture ? Je m\u2019engage \u00e0 vous offrir un rendu&#8230;<\/p>\n","protected":false},"author":1,"featured_media":0,"parent":0,"menu_order":0,"comment_status":"closed","ping_status":"closed","template":"","meta":{"footnotes":""},"class_list":["post-26","page","type-page","status-publish","hentry"],"_links":{"self":[{"href":"https:\/\/nuances-peinture.fr\/index.php\/wp-json\/wp\/v2\/pages\/26","targetHints":{"allow":["GET"]}}],"collection":[{"href":"https:\/\/nuances-peinture.fr\/index.php\/wp-json\/wp\/v2\/pages"}],"about":[{"href":"https:\/\/nuances-peinture.fr\/index.php\/wp-json\/wp\/v2\/types\/page"}],"author":[{"embeddable":true,"href":"https:\/\/nuances-peinture.fr\/index.php\/wp-json\/wp\/v2\/users\/1"}],"replies":[{"embeddable":true,"href":"https:\/\/nuances-peinture.fr\/index.php\/wp-json\/wp\/v2\/comments?post=26"}],"version-history":[{"count":6,"href":"https:\/\/nuances-peinture.fr\/index.php\/wp-json\/wp\/v2\/pages\/26\/revisions"}],"predecessor-version":[{"id":182,"href":"https:\/\/nuances-peinture.fr\/index.php\/wp-json\/wp\/v2\/pages\/26\/revisions\/182"}],"wp:attachment":[{"href":"https:\/\/nuances-peinture.fr\/index.php\/wp-json\/wp\/v2\/media?parent=26"}],"curies":[{"name":"wp","href":"https:\/\/api.w.org\/{rel}","templated":true}]}}