{"id":29,"date":"2024-09-29T18:19:58","date_gmt":"2024-09-29T16:19:58","guid":{"rendered":"http:\/\/nuances-peinture.fr\/?page_id=29"},"modified":"2024-10-20T19:30:26","modified_gmt":"2024-10-20T17:30:26","slug":"peinture-exterieure","status":"publish","type":"page","link":"https:\/\/nuances-peinture.fr\/index.php\/peinture-exterieure\/","title":{"rendered":"Peinture ext\u00e9rieure"},"content":{"rendered":"\n<p><strong>Redonnez vie<\/strong> \u00e0 votre ext\u00e9rieur avec mes services de peinture sp\u00e9cialis\u00e9s pour <strong>volets<\/strong>, <strong>portails <\/strong>et <strong>cl\u00f4tures <\/strong>gr\u00e2ce \u00e0 une expertise qui allie esth\u00e9tisme et protection afin de pr\u00e9server et embellir vos structures ext\u00e9rieures.<\/p>\n\n\n\n<p>J&#8217;utilise des peintures de <strong>haute qualit\u00e9,<\/strong> <strong>r\u00e9sistantes <\/strong>aux intemp\u00e9ries, qui garantissent une <strong>durabilit\u00e9 optimale et un rendu \u00e9clatant<\/strong>.<\/p>\n\n\n<div class=\"wp-block-image\">\n<figure class=\"aligncenter size-large is-resized\"><img loading=\"lazy\" decoding=\"async\" width=\"1024\" height=\"681\" src=\"http:\/\/nuances-peinture.fr\/wp-content\/uploads\/2024\/10\/pexels-padrinan-114123-1024x681.jpg\" alt=\"\" class=\"wp-image-188\" style=\"width:436px;height:auto\" srcset=\"https:\/\/nuances-peinture.fr\/wp-content\/uploads\/2024\/10\/pexels-padrinan-114123-1024x681.jpg 1024w, https:\/\/nuances-peinture.fr\/wp-content\/uploads\/2024\/10\/pexels-padrinan-114123-300x199.jpg 300w, https:\/\/nuances-peinture.fr\/wp-content\/uploads\/2024\/10\/pexels-padrinan-114123-768x511.jpg 768w, https:\/\/nuances-peinture.fr\/wp-content\/uploads\/2024\/10\/pexels-padrinan-114123-1536x1021.jpg 1536w, https:\/\/nuances-peinture.fr\/wp-content\/uploads\/2024\/10\/pexels-padrinan-114123-2048x1362.jpg 2048w, https:\/\/nuances-peinture.fr\/wp-content\/uploads\/2024\/10\/pexels-padrinan-114123-850x565.jpg 850w\" sizes=\"auto, (max-width: 1024px) 100vw, 1024px\" \/><\/figure>\n<\/div>\n\n\n<p>Que vous souhaitiez moderniser vos volets, revitaliser votre <strong>portail <\/strong>ou prot\u00e9ger votre <strong>cl\u00f4ture<\/strong>, je m\u2019adapte \u00e0 vos envies et vous conseille sur les meilleures options de finition pour chaque mat\u00e9riau.<\/p>\n\n\n<div class=\"wp-block-image\">\n<figure class=\"aligncenter size-large is-resized\"><img loading=\"lazy\" decoding=\"async\" width=\"1024\" height=\"683\" src=\"https:\/\/nuances-peinture.fr\/wp-content\/uploads\/2024\/10\/pexels-pixabay-33255-1024x683.jpg\" alt=\"\" class=\"wp-image-190\" style=\"width:544px;height:auto\" srcset=\"https:\/\/nuances-peinture.fr\/wp-content\/uploads\/2024\/10\/pexels-pixabay-33255-1024x683.jpg 1024w, https:\/\/nuances-peinture.fr\/wp-content\/uploads\/2024\/10\/pexels-pixabay-33255-300x200.jpg 300w, https:\/\/nuances-peinture.fr\/wp-content\/uploads\/2024\/10\/pexels-pixabay-33255-768x512.jpg 768w, https:\/\/nuances-peinture.fr\/wp-content\/uploads\/2024\/10\/pexels-pixabay-33255-1536x1024.jpg 1536w, https:\/\/nuances-peinture.fr\/wp-content\/uploads\/2024\/10\/pexels-pixabay-33255-2048x1365.jpg 2048w, https:\/\/nuances-peinture.fr\/wp-content\/uploads\/2024\/10\/pexels-pixabay-33255-850x567.jpg 850w\" sizes=\"auto, (max-width: 1024px) 100vw, 1024px\" \/><\/figure>\n<\/div>\n\n\n<p>Mon approche sur mesure permet de personnaliser chaque projet selon votre style et l\u2019harmonie de votre ext\u00e9rieur.<\/p>\n\n\n\n<p>Chaque coup de pinceau <strong>est r\u00e9alis\u00e9 avec soin<\/strong> pour assurer un r\u00e9sultat impeccable, qui saura r\u00e9sister aux al\u00e9as climatiques tout en rehaussant <strong>l\u2019attrait de votre propri\u00e9t\u00e9.<\/strong><\/p>\n\n\n","protected":false},"excerpt":{"rendered":"<p>Redonnez vie \u00e0 votre ext\u00e9rieur avec mes services de peinture sp\u00e9cialis\u00e9s pour volets, portails et cl\u00f4tures gr\u00e2ce \u00e0 une expertise qui allie esth\u00e9tisme et protection afin de pr\u00e9server et embellir vos structures ext\u00e9rieures. J&#8217;utilise des peintures de haute qualit\u00e9, r\u00e9sistantes aux intemp\u00e9ries, qui garantissent une durabilit\u00e9 optimale et un rendu \u00e9clatant. Que vous souhaitiez moderniser&#8230;<\/p>\n","protected":false},"author":1,"featured_media":0,"parent":0,"menu_order":0,"comment_status":"closed","ping_status":"closed","template":"","meta":{"footnotes":""},"class_list":["post-29","page","type-page","status-publish","hentry"],"_links":{"self":[{"href":"https:\/\/nuances-peinture.fr\/index.php\/wp-json\/wp\/v2\/pages\/29","targetHints":{"allow":["GET"]}}],"collection":[{"href":"https:\/\/nuances-peinture.fr\/index.php\/wp-json\/wp\/v2\/pages"}],"about":[{"href":"https:\/\/nuances-peinture.fr\/index.php\/wp-json\/wp\/v2\/types\/page"}],"author":[{"embeddable":true,"href":"https:\/\/nuances-peinture.fr\/index.php\/wp-json\/wp\/v2\/users\/1"}],"replies":[{"embeddable":true,"href":"https:\/\/nuances-peinture.fr\/index.php\/wp-json\/wp\/v2\/comments?post=29"}],"version-history":[{"count":5,"href":"https:\/\/nuances-peinture.fr\/index.php\/wp-json\/wp\/v2\/pages\/29\/revisions"}],"predecessor-version":[{"id":191,"href":"https:\/\/nuances-peinture.fr\/index.php\/wp-json\/wp\/v2\/pages\/29\/revisions\/191"}],"wp:attachment":[{"href":"https:\/\/nuances-peinture.fr\/index.php\/wp-json\/wp\/v2\/media?parent=29"}],"curies":[{"name":"wp","href":"https:\/\/api.w.org\/{rel}","templated":true}]}}