{"id":31,"date":"2024-09-29T18:20:19","date_gmt":"2024-09-29T16:20:19","guid":{"rendered":"http:\/\/nuances-peinture.fr\/?page_id=31"},"modified":"2024-10-20T19:31:54","modified_gmt":"2024-10-20T17:31:54","slug":"papier-peint-decoratif-et-structure-a-peindre","status":"publish","type":"page","link":"https:\/\/nuances-peinture.fr\/index.php\/papier-peint-decoratif-et-structure-a-peindre\/","title":{"rendered":"Papier peint d\u00e9coratif et structure \u00e0 peindre"},"content":{"rendered":"\n<p class=\"has-text-align-left\">Transformez vos murs en v\u00e9ritables \u0153uvres d&#8217;art gr\u00e2ce \u00e0 mes services de pose de<strong> papier peint.<\/strong><\/p>\n\n\n\n<p class=\"has-text-align-left\">En tant qu&#8217;artisan peintre, je mets mon expertise \u00e0 votre service pour apporter une touche d\u00e9corative unique \u00e0 <strong>votre int\u00e9rieur<\/strong>.<\/p>\n\n\n\n<p class=\"has-text-align-left\">La pose de papier peint n&#8217;est pas seulement une question de rev\u00eatement, c&#8217;est une mani\u00e8re d&#8217;exprimer <strong>votre style<\/strong> et de cr\u00e9er une atmosph\u00e8re qui vous ressemble.<\/p>\n\n\n\n<p class=\"has-text-align-left\">Je m&#8217;assure que chaque pose est r\u00e9alis\u00e9e avec soin, en choisissant des techniques adapt\u00e9es pour un <strong>rendu parfait<\/strong>.<\/p>\n\n\n\n<p class=\"has-text-align-left\">Que vous souhaitiez un motif audacieux, une texture d\u00e9licate ou un effet panoramique, chaque d\u00e9tail compte <strong>pour sublimer vos espaces.<\/strong><\/p>\n\n\n\n<p class=\"has-text-align-left\">Que ce soit pour un salon accueillant, une chambre apaisante ou une entr\u00e9e dynamique, je vous accompagne dans la r\u00e9alisation de vos projets d\u00e9coratifs avec <strong>cr\u00e9ativit\u00e9 et pr\u00e9cision<\/strong>.<\/p>\n","protected":false},"excerpt":{"rendered":"<p>Transformez vos murs en v\u00e9ritables \u0153uvres d&#8217;art gr\u00e2ce \u00e0 mes services de pose de papier peint. En tant qu&#8217;artisan peintre, je mets mon expertise \u00e0 votre service pour apporter une touche d\u00e9corative unique \u00e0 votre int\u00e9rieur. La pose de papier peint n&#8217;est pas seulement une question de rev\u00eatement, c&#8217;est une mani\u00e8re d&#8217;exprimer votre style et&#8230;<\/p>\n","protected":false},"author":1,"featured_media":0,"parent":0,"menu_order":0,"comment_status":"closed","ping_status":"closed","template":"","meta":{"footnotes":""},"class_list":["post-31","page","type-page","status-publish","hentry"],"_links":{"self":[{"href":"https:\/\/nuances-peinture.fr\/index.php\/wp-json\/wp\/v2\/pages\/31","targetHints":{"allow":["GET"]}}],"collection":[{"href":"https:\/\/nuances-peinture.fr\/index.php\/wp-json\/wp\/v2\/pages"}],"about":[{"href":"https:\/\/nuances-peinture.fr\/index.php\/wp-json\/wp\/v2\/types\/page"}],"author":[{"embeddable":true,"href":"https:\/\/nuances-peinture.fr\/index.php\/wp-json\/wp\/v2\/users\/1"}],"replies":[{"embeddable":true,"href":"https:\/\/nuances-peinture.fr\/index.php\/wp-json\/wp\/v2\/comments?post=31"}],"version-history":[{"count":5,"href":"https:\/\/nuances-peinture.fr\/index.php\/wp-json\/wp\/v2\/pages\/31\/revisions"}],"predecessor-version":[{"id":193,"href":"https:\/\/nuances-peinture.fr\/index.php\/wp-json\/wp\/v2\/pages\/31\/revisions\/193"}],"wp:attachment":[{"href":"https:\/\/nuances-peinture.fr\/index.php\/wp-json\/wp\/v2\/media?parent=31"}],"curies":[{"name":"wp","href":"https:\/\/api.w.org\/{rel}","templated":true}]}}