{"id":33,"date":"2024-09-29T18:20:38","date_gmt":"2024-09-29T16:20:38","guid":{"rendered":"http:\/\/nuances-peinture.fr\/?page_id=33"},"modified":"2024-10-20T19:16:31","modified_gmt":"2024-10-20T17:16:31","slug":"enduits","status":"publish","type":"page","link":"https:\/\/nuances-peinture.fr\/index.php\/enduits\/","title":{"rendered":"Enduits"},"content":{"rendered":"\n<p>Offrez \u00e0 vos murs une <strong>transformation authentique<\/strong> et \u00e9l\u00e9gante avec mes services d&#8217;application d&#8217;enduits et d&#8217;enduits d\u00e9coratifs naturels, notamment l&#8217;<strong>enduit \u00e0 la chaux<\/strong>. <\/p>\n\n\n\n<p>En tant qu&#8217;artisan peintre, je vous propose des solutions qui allient <strong>esth\u00e9tisme<\/strong>, <strong>durabilit\u00e9 <\/strong>et <strong>respect de l&#8217;environnement<\/strong>.<\/p>\n\n\n\n<p>L&#8217;enduit \u00e0 la chaux est une technique traditionnelle qui cr\u00e9e une atmosph\u00e8re <strong>chaleureuse <\/strong>et <strong>accueillante<\/strong>. Sa texture unique et ses nuances subtiles apportent un charme intemporel \u00e0 vos espaces.<\/p>\n\n\n\n<p>En plus de sa beaut\u00e9, cet enduit est \u00e9galement <strong>\u00e9cologique<\/strong>, permettant \u00e0 vos murs de respirer tout en r\u00e9gulant l&#8217;humidit\u00e9 et am\u00e9liorant la qualit\u00e9 de l&#8217;air int\u00e9rieur.<\/p>\n\n\n\n<figure class=\"wp-block-image size-large is-resized\"><img loading=\"lazy\" decoding=\"async\" width=\"1024\" height=\"683\" src=\"https:\/\/nuances-peinture.fr\/wp-content\/uploads\/2024\/10\/pexels-akilmazumder-1072824-1024x683.jpg\" alt=\"\" class=\"wp-image-178\" style=\"width:484px;height:auto\" srcset=\"https:\/\/nuances-peinture.fr\/wp-content\/uploads\/2024\/10\/pexels-akilmazumder-1072824-1024x683.jpg 1024w, https:\/\/nuances-peinture.fr\/wp-content\/uploads\/2024\/10\/pexels-akilmazumder-1072824-300x200.jpg 300w, https:\/\/nuances-peinture.fr\/wp-content\/uploads\/2024\/10\/pexels-akilmazumder-1072824-768x512.jpg 768w, https:\/\/nuances-peinture.fr\/wp-content\/uploads\/2024\/10\/pexels-akilmazumder-1072824-1536x1024.jpg 1536w, https:\/\/nuances-peinture.fr\/wp-content\/uploads\/2024\/10\/pexels-akilmazumder-1072824-2048x1365.jpg 2048w, https:\/\/nuances-peinture.fr\/wp-content\/uploads\/2024\/10\/pexels-akilmazumder-1072824-850x567.jpg 850w\" sizes=\"auto, (max-width: 1024px) 100vw, 1024px\" \/><\/figure>\n\n\n\n<p>Je propose \u00e9galement une gamme d&#8217;enduits d\u00e9coratifs naturels qui enrichissent vos murs de textures vari\u00e9es.<\/p>\n\n\n\n<p>Que vous souhaitiez une finition lisse et \u00e9l\u00e9gante ou une surface plus rustique, chaque application est r\u00e9alis\u00e9e avec soin pour garantir un rendu qui refl\u00e8te <strong>parfaitement votre style<\/strong>.<\/p>\n\n\n\n<p><br>Que ce soit pour un salon, une chambre ou un espace de travail, je m&#8217;engage \u00e0 cr\u00e9er un environnement <strong>harmonieux et inspirant<\/strong>.<\/p>\n","protected":false},"excerpt":{"rendered":"<p>Offrez \u00e0 vos murs une transformation authentique et \u00e9l\u00e9gante avec mes services d&#8217;application d&#8217;enduits et d&#8217;enduits d\u00e9coratifs naturels, notamment l&#8217;enduit \u00e0 la chaux. En tant qu&#8217;artisan peintre, je vous propose des solutions qui allient esth\u00e9tisme, durabilit\u00e9 et respect de l&#8217;environnement. L&#8217;enduit \u00e0 la chaux est une technique traditionnelle qui cr\u00e9e une atmosph\u00e8re chaleureuse et accueillante&#8230;.<\/p>\n","protected":false},"author":1,"featured_media":0,"parent":0,"menu_order":0,"comment_status":"closed","ping_status":"closed","template":"","meta":{"footnotes":""},"class_list":["post-33","page","type-page","status-publish","hentry"],"_links":{"self":[{"href":"https:\/\/nuances-peinture.fr\/index.php\/wp-json\/wp\/v2\/pages\/33","targetHints":{"allow":["GET"]}}],"collection":[{"href":"https:\/\/nuances-peinture.fr\/index.php\/wp-json\/wp\/v2\/pages"}],"about":[{"href":"https:\/\/nuances-peinture.fr\/index.php\/wp-json\/wp\/v2\/types\/page"}],"author":[{"embeddable":true,"href":"https:\/\/nuances-peinture.fr\/index.php\/wp-json\/wp\/v2\/users\/1"}],"replies":[{"embeddable":true,"href":"https:\/\/nuances-peinture.fr\/index.php\/wp-json\/wp\/v2\/comments?post=33"}],"version-history":[{"count":4,"href":"https:\/\/nuances-peinture.fr\/index.php\/wp-json\/wp\/v2\/pages\/33\/revisions"}],"predecessor-version":[{"id":179,"href":"https:\/\/nuances-peinture.fr\/index.php\/wp-json\/wp\/v2\/pages\/33\/revisions\/179"}],"wp:attachment":[{"href":"https:\/\/nuances-peinture.fr\/index.php\/wp-json\/wp\/v2\/media?parent=33"}],"curies":[{"name":"wp","href":"https:\/\/api.w.org\/{rel}","templated":true}]}}