{"id":35,"date":"2024-09-29T18:21:04","date_gmt":"2024-09-29T16:21:04","guid":{"rendered":"http:\/\/nuances-peinture.fr\/?page_id=35"},"modified":"2024-09-29T18:26:37","modified_gmt":"2024-09-29T16:26:37","slug":"accompagnement-personnalise","status":"publish","type":"page","link":"https:\/\/nuances-peinture.fr\/index.php\/accompagnement-personnalise\/","title":{"rendered":"Accompagnement personnalis\u00e9"},"content":{"rendered":"\n<p>Au-del\u00e0 de mes comp\u00e9tences techniques, je vous accompagne \u00e9galement tout au long de votre projet de d\u00e9coration. Gr\u00e2ce \u00e0 mon sens de l&#8217;esth\u00e9tique et de l&#8217;harmonie des couleurs, je vous conseille dans le choix des teintes, des effets et des finitions qui refl\u00e9teront au mieux vos go\u00fbts et l\u2019ambiance que vous souhaitez cr\u00e9er dans votre int\u00e9rieur.<\/p>\n\n\n\n<figure class=\"wp-block-image size-full\"><img loading=\"lazy\" decoding=\"async\" width=\"1024\" height=\"1024\" src=\"http:\/\/nuances-peinture.fr\/wp-content\/uploads\/2024\/09\/illustration-accompagnement.jpg\" alt=\"\" class=\"wp-image-37\" srcset=\"https:\/\/nuances-peinture.fr\/wp-content\/uploads\/2024\/09\/illustration-accompagnement.jpg 1024w, https:\/\/nuances-peinture.fr\/wp-content\/uploads\/2024\/09\/illustration-accompagnement-300x300.jpg 300w, https:\/\/nuances-peinture.fr\/wp-content\/uploads\/2024\/09\/illustration-accompagnement-150x150.jpg 150w, https:\/\/nuances-peinture.fr\/wp-content\/uploads\/2024\/09\/illustration-accompagnement-768x768.jpg 768w\" sizes=\"auto, (max-width: 1024px) 100vw, 1024px\" \/><\/figure>\n\n\n\n<p>Chaque projet est pour moi une nouvelle occasion de r\u00e9inventer les espaces de vie avec soin, cr\u00e9ativit\u00e9 et professionnalisme.<\/p>\n\n\n\n<figure class=\"wp-block-image size-full\"><img loading=\"lazy\" decoding=\"async\" width=\"1024\" height=\"1024\" src=\"http:\/\/nuances-peinture.fr\/wp-content\/uploads\/2024\/09\/Designer.jpeg\" alt=\"\" class=\"wp-image-38\" srcset=\"https:\/\/nuances-peinture.fr\/wp-content\/uploads\/2024\/09\/Designer.jpeg 1024w, https:\/\/nuances-peinture.fr\/wp-content\/uploads\/2024\/09\/Designer-300x300.jpeg 300w, https:\/\/nuances-peinture.fr\/wp-content\/uploads\/2024\/09\/Designer-150x150.jpeg 150w, https:\/\/nuances-peinture.fr\/wp-content\/uploads\/2024\/09\/Designer-768x768.jpeg 768w\" sizes=\"auto, (max-width: 1024px) 100vw, 1024px\" \/><\/figure>\n\n\n\n<p><\/p>\n","protected":false},"excerpt":{"rendered":"<p>Au-del\u00e0 de mes comp\u00e9tences techniques, je vous accompagne \u00e9galement tout au long de votre projet de d\u00e9coration. Gr\u00e2ce \u00e0 mon sens de l&#8217;esth\u00e9tique et de l&#8217;harmonie des couleurs, je vous conseille dans le choix des teintes, des effets et des finitions qui refl\u00e9teront au mieux vos go\u00fbts et l\u2019ambiance que vous souhaitez cr\u00e9er dans votre&#8230;<\/p>\n","protected":false},"author":1,"featured_media":0,"parent":0,"menu_order":0,"comment_status":"closed","ping_status":"closed","template":"","meta":{"footnotes":""},"class_list":["post-35","page","type-page","status-publish","hentry"],"_links":{"self":[{"href":"https:\/\/nuances-peinture.fr\/index.php\/wp-json\/wp\/v2\/pages\/35","targetHints":{"allow":["GET"]}}],"collection":[{"href":"https:\/\/nuances-peinture.fr\/index.php\/wp-json\/wp\/v2\/pages"}],"about":[{"href":"https:\/\/nuances-peinture.fr\/index.php\/wp-json\/wp\/v2\/types\/page"}],"author":[{"embeddable":true,"href":"https:\/\/nuances-peinture.fr\/index.php\/wp-json\/wp\/v2\/users\/1"}],"replies":[{"embeddable":true,"href":"https:\/\/nuances-peinture.fr\/index.php\/wp-json\/wp\/v2\/comments?post=35"}],"version-history":[{"count":2,"href":"https:\/\/nuances-peinture.fr\/index.php\/wp-json\/wp\/v2\/pages\/35\/revisions"}],"predecessor-version":[{"id":39,"href":"https:\/\/nuances-peinture.fr\/index.php\/wp-json\/wp\/v2\/pages\/35\/revisions\/39"}],"wp:attachment":[{"href":"https:\/\/nuances-peinture.fr\/index.php\/wp-json\/wp\/v2\/media?parent=35"}],"curies":[{"name":"wp","href":"https:\/\/api.w.org\/{rel}","templated":true}]}}