{"id":7,"date":"2024-09-29T17:34:52","date_gmt":"2024-09-29T15:34:52","guid":{"rendered":"http:\/\/nuances-peinture.fr\/index.php\/home\/"},"modified":"2024-11-14T07:44:24","modified_gmt":"2024-11-14T06:44:24","slug":"home","status":"publish","type":"page","link":"https:\/\/nuances-peinture.fr\/","title":{"rendered":"Artisan Peintre Passionn\u00e9e"},"content":{"rendered":"\n<p>Je suis passionn\u00e9e dans la r\u00e9alisation de travaux de <a href=\"https:\/\/nuances-peinture.fr\/index.php\/peinture-interieure\/\" data-type=\"page\" data-id=\"26\">peinture int\u00e9rieure<\/a> et <a href=\"https:\/\/nuances-peinture.fr\/index.php\/peinture-exterieure\/\" data-type=\"page\" data-id=\"29\">ext\u00e9rieure<\/a>, la pose de <a href=\"https:\/\/nuances-peinture.fr\/index.php\/artisan-peintre-peintures-papiers-peints-var\/\" data-type=\"page\" data-id=\"165\">papiers peints<\/a> et de r\u00e9novation et interviens dans le <a href=\"https:\/\/nuances-peinture.fr\/index.php\/artisan-peintre-peintures-papiers-peints-var\/\" data-type=\"page\" data-id=\"165\">Var<\/a> et les <a href=\"https:\/\/nuances-peinture.fr\/index.php\/artisan-peintre-travaux-peintures-bouches-du-rhone\/\" data-type=\"page\" data-id=\"163\">Bouches du Rh\u00f4ne<\/a>.<\/p>\n\n\n\n<p>Bas\u00e9e \u00e0 Auriol, j&#8217;interviens dans toute la r\u00e9gion. Que ce soit pour une nouvelle construction, une r\u00e9novation compl\u00e8te, ou des travaux de rafra\u00eechissement, je suis \u00e0 votre service pour des prestations de qualit\u00e9 sup\u00e9rieure.<\/p>\n\n\n\n<h2 class=\"wp-block-heading\">Peinture int\u00e9rieure et ext\u00e9rieure<\/h2>\n\n\n<div class=\"wp-block-image\">\n<figure class=\"aligncenter size-full is-resized\"><img loading=\"lazy\" decoding=\"async\" width=\"924\" height=\"811\" src=\"http:\/\/nuances-peinture.fr\/wp-content\/uploads\/2024\/10\/Capture-decran-2024-10-04-a-10.20.12.png\" alt=\"\" class=\"wp-image-109\" style=\"width:414px;height:auto\" srcset=\"https:\/\/nuances-peinture.fr\/wp-content\/uploads\/2024\/10\/Capture-decran-2024-10-04-a-10.20.12.png 924w, https:\/\/nuances-peinture.fr\/wp-content\/uploads\/2024\/10\/Capture-decran-2024-10-04-a-10.20.12-300x263.png 300w, https:\/\/nuances-peinture.fr\/wp-content\/uploads\/2024\/10\/Capture-decran-2024-10-04-a-10.20.12-768x674.png 768w\" sizes=\"auto, (max-width: 924px) 100vw, 924px\" \/><\/figure>\n<\/div>\n\n\n<p>Je vous propose mes services pour la r\u00e9alisation de <a href=\"https:\/\/nuances-peinture.fr\/index.php\/peinture-interieure\/\" data-type=\"page\" data-id=\"26\">peintures int\u00e9rieures<\/a> ou <a href=\"https:\/\/nuances-peinture.fr\/index.php\/peinture-exterieure\/\" data-type=\"page\" data-id=\"29\">ext\u00e9rieures<\/a>.<\/p>\n\n\n\n<h2 class=\"wp-block-heading\">Fresques<\/h2>\n\n\n\n<p>Je vous propose de cr\u00e9er des <a href=\"https:\/\/nuances-peinture.fr\/index.php\/fresques-murales\/\" data-type=\"page\" data-id=\"55\">fresques <\/a>murales en fonctions de vos souhaits<\/p>\n\n\n<div class=\"wp-block-image\">\n<figure class=\"aligncenter size-large is-resized\"><img loading=\"lazy\" decoding=\"async\" width=\"1024\" height=\"550\" src=\"http:\/\/nuances-peinture.fr\/wp-content\/uploads\/2024\/10\/Capture-decran-2024-10-14-a-18.47.50-1024x550.png\" alt=\"\" class=\"wp-image-146\" style=\"width:674px;height:auto\" srcset=\"https:\/\/nuances-peinture.fr\/wp-content\/uploads\/2024\/10\/Capture-decran-2024-10-14-a-18.47.50-1024x550.png 1024w, https:\/\/nuances-peinture.fr\/wp-content\/uploads\/2024\/10\/Capture-decran-2024-10-14-a-18.47.50-300x161.png 300w, https:\/\/nuances-peinture.fr\/wp-content\/uploads\/2024\/10\/Capture-decran-2024-10-14-a-18.47.50-768x413.png 768w, https:\/\/nuances-peinture.fr\/wp-content\/uploads\/2024\/10\/Capture-decran-2024-10-14-a-18.47.50-850x457.png 850w, https:\/\/nuances-peinture.fr\/wp-content\/uploads\/2024\/10\/Capture-decran-2024-10-14-a-18.47.50.png 1200w\" sizes=\"auto, (max-width: 1024px) 100vw, 1024px\" \/><\/figure>\n<\/div>\n\n\n<h2 class=\"wp-block-heading\">D\u00e9placements et Devis<\/h2>\n\n\n\n<p>Je me d\u00e9place pour vous fournir toutes les informations n\u00e9cessaires, ainsi que des devis personnalis\u00e9s adapt\u00e9s \u00e0 vos besoins sp\u00e9cifiques. Que vous soyez \u00e0 Auriol, dans les Bouches-du-Rh\u00f4ne, ou dans le Var, je mets un point d&#8217;honneur \u00e0 vous offrir un service r\u00e9actif et professionnel. <\/p>\n\n\n\n<p>Chaque projet est unique et m\u00e9rite une attention particuli\u00e8re pour assurer une <strong>satisfaction optimale<\/strong>.<\/p>\n\n\n<div class=\"wp-block-image\">\n<figure class=\"aligncenter size-full is-resized\"><img loading=\"lazy\" decoding=\"async\" width=\"489\" height=\"485\" src=\"http:\/\/nuances-peinture.fr\/wp-content\/uploads\/2024\/10\/Capture-decran-2024-10-04-a-10.35.40.png\" alt=\"\" class=\"wp-image-116\" style=\"width:497px;height:auto\" srcset=\"https:\/\/nuances-peinture.fr\/wp-content\/uploads\/2024\/10\/Capture-decran-2024-10-04-a-10.35.40.png 489w, https:\/\/nuances-peinture.fr\/wp-content\/uploads\/2024\/10\/Capture-decran-2024-10-04-a-10.35.40-300x298.png 300w, https:\/\/nuances-peinture.fr\/wp-content\/uploads\/2024\/10\/Capture-decran-2024-10-04-a-10.35.40-150x150.png 150w\" sizes=\"auto, (max-width: 489px) 100vw, 489px\" \/><\/figure>\n<\/div>\n\n\n<p><a href=\"https:\/\/nuances-peinture.fr\/index.php\/contact\/\" data-type=\"page\" data-id=\"16\">Contactez-moi<\/a> d\u00e8s maintenant pour discuter de vos projets et obtenir un <strong>devis gratuit.<\/strong> <\/p>\n\n\n\n<p>Je serai ravie de vous accompagner dans la r\u00e9alisation de vos travaux de peinture, avec expertise et passion.<\/p>\n","protected":false},"excerpt":{"rendered":"<p>Je suis passionn\u00e9e dans la r\u00e9alisation de travaux de peinture int\u00e9rieure et ext\u00e9rieure, la pose de papiers peints et de r\u00e9novation et interviens dans le Var et les Bouches du Rh\u00f4ne. Bas\u00e9e \u00e0 Auriol, j&#8217;interviens dans toute la r\u00e9gion. Que ce soit pour une nouvelle construction, une r\u00e9novation compl\u00e8te, ou des travaux de rafra\u00eechissement, je&#8230;<\/p>\n","protected":false},"author":1,"featured_media":0,"parent":0,"menu_order":0,"comment_status":"closed","ping_status":"closed","template":"page-templates\/frontpage.php","meta":{"footnotes":""},"class_list":["post-7","page","type-page","status-publish","hentry"],"_links":{"self":[{"href":"https:\/\/nuances-peinture.fr\/index.php\/wp-json\/wp\/v2\/pages\/7","targetHints":{"allow":["GET"]}}],"collection":[{"href":"https:\/\/nuances-peinture.fr\/index.php\/wp-json\/wp\/v2\/pages"}],"about":[{"href":"https:\/\/nuances-peinture.fr\/index.php\/wp-json\/wp\/v2\/types\/page"}],"author":[{"embeddable":true,"href":"https:\/\/nuances-peinture.fr\/index.php\/wp-json\/wp\/v2\/users\/1"}],"replies":[{"embeddable":true,"href":"https:\/\/nuances-peinture.fr\/index.php\/wp-json\/wp\/v2\/comments?post=7"}],"version-history":[{"count":8,"href":"https:\/\/nuances-peinture.fr\/index.php\/wp-json\/wp\/v2\/pages\/7\/revisions"}],"predecessor-version":[{"id":199,"href":"https:\/\/nuances-peinture.fr\/index.php\/wp-json\/wp\/v2\/pages\/7\/revisions\/199"}],"wp:attachment":[{"href":"https:\/\/nuances-peinture.fr\/index.php\/wp-json\/wp\/v2\/media?parent=7"}],"curies":[{"name":"wp","href":"https:\/\/api.w.org\/{rel}","templated":true}]}}